{"id":260,"date":"2017-02-20T10:36:22","date_gmt":"2017-02-20T10:36:22","guid":{"rendered":"https:\/\/demo.themegrill.com\/flash\/?page_id=260"},"modified":"2025-05-08T14:28:34","modified_gmt":"2025-05-08T14:28:34","slug":"urun-gruplari","status":"publish","type":"page","link":"https:\/\/www.ertyapimarket.com\/index.php\/urun-gruplari\/","title":{"rendered":"\u00dcr\u00fcn Gruplar\u0131"},"content":{"rendered":"<div id=\"pl-260\"  class=\"panel-layout\" ><div id=\"pg-260-0\"  class=\"panel-grid panel-no-style\" ><div id=\"pgc-260-0-0\"  class=\"panel-grid-cell\" ><div id=\"panel-260-0-0-0\" class=\"so-panel widget widget_themegrill_flash_heading tg-widget section-title-wrapper panel-first-child panel-last-child\" data-index=\"0\" >\t<h3 class=\"section-title\">ERT | \u00dcR\u00dcN GRUPLARIMIZ<\/h3>\n<\/div><\/div><\/div><div id=\"pg-260-1\"  class=\"panel-grid panel-no-style\" ><div id=\"pgc-260-1-0\"  class=\"panel-grid-cell\" ><div id=\"panel-260-1-0-0\" class=\"so-panel widget widget_themegrill_flash_portfolio tg-section feature-product-section panel-first-child panel-last-child\" data-index=\"1\" ><div class=\"tg-feature-product-layout-3 tg-feature-product-filter-layout\"><div class=\"tg-container\"><div class=\"grid\"><div class=\"tg-column-wrapper\"><div class=\"tg-feature-product-widget element-item uxdesign tg-column-3 urun-gruplari \" data-category=\"urun-gruplari \"><figure><img loading=\"lazy\" decoding=\"async\" width=\"400\" height=\"400\" src=\"https:\/\/www.ertyapimarket.com\/wp-content\/uploads\/2025\/05\/celikkapi.jpg\" class=\"attachment-full size-full wp-post-image\" alt=\"\" srcset=\"https:\/\/www.ertyapimarket.com\/wp-content\/uploads\/2025\/05\/celikkapi.jpg 400w, https:\/\/www.ertyapimarket.com\/wp-content\/uploads\/2025\/05\/celikkapi-300x300.jpg 300w, https:\/\/www.ertyapimarket.com\/wp-content\/uploads\/2025\/05\/celikkapi-150x150.jpg 150w, https:\/\/www.ertyapimarket.com\/wp-content\/uploads\/2025\/05\/celikkapi-100x100.jpg 100w\" sizes=\"auto, (max-width: 400px) 100vw, 400px\" \/><\/figure><div class=\"featured-image-desc\"><span><a href=\"https:\/\/www.ertyapimarket.com\/index.php\/portfoy\/celik-kapi-ic-kapi\/\"><i class=\"fa fa-plus\"><\/i><\/a><\/span><div class=\"feature-inner-block\"><h3 class=\"feature-title-wrap\"><a href=\"https:\/\/www.ertyapimarket.com\/index.php\/portfoy\/celik-kapi-ic-kapi\/\">\u00c7elik Kap\u0131 &#038; \u0130\u00e7 Kap\u0131<\/a><\/h3><h4 class=\"feature-desc-wrap\">\u00c7elik Kap\u0131 &amp; \u0130\u00e7 Kap\u0131<\/h4><\/div><\/div><\/div><div class=\"tg-feature-product-widget element-item uxdesign tg-column-3 urun-gruplari \" data-category=\"urun-gruplari \"><figure><img loading=\"lazy\" decoding=\"async\" width=\"400\" height=\"400\" src=\"https:\/\/www.ertyapimarket.com\/wp-content\/uploads\/2025\/05\/banyodolabi.jpg\" class=\"attachment-full size-full wp-post-image\" alt=\"\" srcset=\"https:\/\/www.ertyapimarket.com\/wp-content\/uploads\/2025\/05\/banyodolabi.jpg 400w, https:\/\/www.ertyapimarket.com\/wp-content\/uploads\/2025\/05\/banyodolabi-300x300.jpg 300w, https:\/\/www.ertyapimarket.com\/wp-content\/uploads\/2025\/05\/banyodolabi-150x150.jpg 150w, https:\/\/www.ertyapimarket.com\/wp-content\/uploads\/2025\/05\/banyodolabi-100x100.jpg 100w\" sizes=\"auto, (max-width: 400px) 100vw, 400px\" \/><\/figure><div class=\"featured-image-desc\"><span><a href=\"https:\/\/www.ertyapimarket.com\/index.php\/portfoy\/vitrifiye-banyo-dolabi\/\"><i class=\"fa fa-plus\"><\/i><\/a><\/span><div class=\"feature-inner-block\"><h3 class=\"feature-title-wrap\"><a href=\"https:\/\/www.ertyapimarket.com\/index.php\/portfoy\/vitrifiye-banyo-dolabi\/\">Vitrifiye &#038; Banyo Dolab\u0131<\/a><\/h3><h4 class=\"feature-desc-wrap\">Vitrifiye &amp; Banyo Dolab\u0131<\/h4><\/div><\/div><\/div><div class=\"tg-feature-product-widget element-item uxdesign tg-column-3 urun-gruplari \" data-category=\"urun-gruplari \"><figure><img loading=\"lazy\" decoding=\"async\" width=\"400\" height=\"400\" src=\"https:\/\/www.ertyapimarket.com\/wp-content\/uploads\/2025\/05\/mutfakgrubu.jpg\" class=\"attachment-full size-full wp-post-image\" alt=\"\" srcset=\"https:\/\/www.ertyapimarket.com\/wp-content\/uploads\/2025\/05\/mutfakgrubu.jpg 400w, https:\/\/www.ertyapimarket.com\/wp-content\/uploads\/2025\/05\/mutfakgrubu-300x300.jpg 300w, https:\/\/www.ertyapimarket.com\/wp-content\/uploads\/2025\/05\/mutfakgrubu-150x150.jpg 150w, https:\/\/www.ertyapimarket.com\/wp-content\/uploads\/2025\/05\/mutfakgrubu-100x100.jpg 100w\" sizes=\"auto, (max-width: 400px) 100vw, 400px\" \/><\/figure><div class=\"featured-image-desc\"><span><a href=\"https:\/\/www.ertyapimarket.com\/index.php\/portfoy\/mutfak-dolabi-ankastre\/\"><i class=\"fa fa-plus\"><\/i><\/a><\/span><div class=\"feature-inner-block\"><h3 class=\"feature-title-wrap\"><a href=\"https:\/\/www.ertyapimarket.com\/index.php\/portfoy\/mutfak-dolabi-ankastre\/\">Mutfak Dolab\u0131 &#038; Ankastre<\/a><\/h3><h4 class=\"feature-desc-wrap\">Mutfak Dolab\u0131 &amp; Ankastre<\/h4><\/div><\/div><\/div><div class=\"tg-feature-product-widget element-item uxdesign tg-column-3 urun-gruplari \" data-category=\"urun-gruplari \"><figure><img loading=\"lazy\" decoding=\"async\" width=\"400\" height=\"400\" src=\"https:\/\/www.ertyapimarket.com\/wp-content\/uploads\/2025\/05\/jakjak.jpg\" class=\"attachment-full size-full wp-post-image\" alt=\"\" srcset=\"https:\/\/www.ertyapimarket.com\/wp-content\/uploads\/2025\/05\/jakjak.jpg 400w, https:\/\/www.ertyapimarket.com\/wp-content\/uploads\/2025\/05\/jakjak-300x300.jpg 300w, https:\/\/www.ertyapimarket.com\/wp-content\/uploads\/2025\/05\/jakjak-150x150.jpg 150w, https:\/\/www.ertyapimarket.com\/wp-content\/uploads\/2025\/05\/jakjak-100x100.jpg 100w\" sizes=\"auto, (max-width: 400px) 100vw, 400px\" \/><\/figure><div class=\"featured-image-desc\"><span><a href=\"https:\/\/www.ertyapimarket.com\/index.php\/portfoy\/jakuzi-kabin\/\"><i class=\"fa fa-plus\"><\/i><\/a><\/span><div class=\"feature-inner-block\"><h3 class=\"feature-title-wrap\"><a href=\"https:\/\/www.ertyapimarket.com\/index.php\/portfoy\/jakuzi-kabin\/\">Jakuzi &#038; Kabin<\/a><\/h3><h4 class=\"feature-desc-wrap\">Jakuzi &amp; Kabin<\/h4><\/div><\/div><\/div><div class=\"tg-feature-product-widget element-item uxdesign tg-column-3 urun-gruplari \" data-category=\"urun-gruplari \"><figure><img loading=\"lazy\" decoding=\"async\" width=\"800\" height=\"800\" src=\"https:\/\/www.ertyapimarket.com\/wp-content\/uploads\/2025\/05\/yapikimyasallari.jpg\" class=\"attachment-full size-full wp-post-image\" alt=\"\" srcset=\"https:\/\/www.ertyapimarket.com\/wp-content\/uploads\/2025\/05\/yapikimyasallari.jpg 800w, https:\/\/www.ertyapimarket.com\/wp-content\/uploads\/2025\/05\/yapikimyasallari-300x300.jpg 300w, https:\/\/www.ertyapimarket.com\/wp-content\/uploads\/2025\/05\/yapikimyasallari-150x150.jpg 150w, https:\/\/www.ertyapimarket.com\/wp-content\/uploads\/2025\/05\/yapikimyasallari-768x768.jpg 768w, https:\/\/www.ertyapimarket.com\/wp-content\/uploads\/2025\/05\/yapikimyasallari-600x600.jpg 600w, https:\/\/www.ertyapimarket.com\/wp-content\/uploads\/2025\/05\/yapikimyasallari-100x100.jpg 100w\" sizes=\"auto, (max-width: 800px) 100vw, 800px\" \/><\/figure><div class=\"featured-image-desc\"><span><a href=\"https:\/\/www.ertyapimarket.com\/index.php\/portfoy\/yapi-kimyasallari\/\"><i class=\"fa fa-plus\"><\/i><\/a><\/span><div class=\"feature-inner-block\"><h3 class=\"feature-title-wrap\"><a href=\"https:\/\/www.ertyapimarket.com\/index.php\/portfoy\/yapi-kimyasallari\/\">Yap\u0131 Kimyasallar\u0131<\/a><\/h3><h4 class=\"feature-desc-wrap\">Yap\u0131 Kimyasallar\u0131<\/h4><\/div><\/div><\/div><div class=\"tg-feature-product-widget element-item uxdesign tg-column-3 urun-gruplari \" data-category=\"urun-gruplari \"><figure><img loading=\"lazy\" decoding=\"async\" width=\"875\" height=\"875\" src=\"https:\/\/www.ertyapimarket.com\/wp-content\/uploads\/2025\/05\/laminant.jpg\" class=\"attachment-full size-full wp-post-image\" alt=\"\" srcset=\"https:\/\/www.ertyapimarket.com\/wp-content\/uploads\/2025\/05\/laminant.jpg 875w, https:\/\/www.ertyapimarket.com\/wp-content\/uploads\/2025\/05\/laminant-300x300.jpg 300w, https:\/\/www.ertyapimarket.com\/wp-content\/uploads\/2025\/05\/laminant-150x150.jpg 150w, https:\/\/www.ertyapimarket.com\/wp-content\/uploads\/2025\/05\/laminant-768x768.jpg 768w, https:\/\/www.ertyapimarket.com\/wp-content\/uploads\/2025\/05\/laminant-600x600.jpg 600w, https:\/\/www.ertyapimarket.com\/wp-content\/uploads\/2025\/05\/laminant-100x100.jpg 100w\" sizes=\"auto, (max-width: 875px) 100vw, 875px\" \/><\/figure><div class=\"featured-image-desc\"><span><a href=\"https:\/\/www.ertyapimarket.com\/index.php\/portfoy\/laminant-pvc-boru\/\"><i class=\"fa fa-plus\"><\/i><\/a><\/span><div class=\"feature-inner-block\"><h3 class=\"feature-title-wrap\"><a href=\"https:\/\/www.ertyapimarket.com\/index.php\/portfoy\/laminant-pvc-boru\/\">Laminant &#038; PVC Boru<\/a><\/h3><h4 class=\"feature-desc-wrap\">Laminant &amp; PVC Boru<\/h4><\/div><\/div><\/div><div class=\"tg-feature-product-widget element-item uxdesign tg-column-3 urun-gruplari \" data-category=\"urun-gruplari \"><figure><img loading=\"lazy\" decoding=\"async\" width=\"1000\" height=\"1000\" src=\"https:\/\/www.ertyapimarket.com\/wp-content\/uploads\/2025\/05\/armatur.jpg\" class=\"attachment-full size-full wp-post-image\" alt=\"\" srcset=\"https:\/\/www.ertyapimarket.com\/wp-content\/uploads\/2025\/05\/armatur.jpg 1000w, https:\/\/www.ertyapimarket.com\/wp-content\/uploads\/2025\/05\/armatur-300x300.jpg 300w, https:\/\/www.ertyapimarket.com\/wp-content\/uploads\/2025\/05\/armatur-150x150.jpg 150w, https:\/\/www.ertyapimarket.com\/wp-content\/uploads\/2025\/05\/armatur-768x768.jpg 768w, https:\/\/www.ertyapimarket.com\/wp-content\/uploads\/2025\/05\/armatur-600x600.jpg 600w, https:\/\/www.ertyapimarket.com\/wp-content\/uploads\/2025\/05\/armatur-100x100.jpg 100w\" sizes=\"auto, (max-width: 1000px) 100vw, 1000px\" \/><\/figure><div class=\"featured-image-desc\"><span><a href=\"https:\/\/www.ertyapimarket.com\/index.php\/portfoy\/armatur-aksesuar\/\"><i class=\"fa fa-plus\"><\/i><\/a><\/span><div class=\"feature-inner-block\"><h3 class=\"feature-title-wrap\"><a href=\"https:\/\/www.ertyapimarket.com\/index.php\/portfoy\/armatur-aksesuar\/\">Armat\u00fcr &#038; Aksesuar<\/a><\/h3><h4 class=\"feature-desc-wrap\">Armat\u00fcr &amp; Aksesuar<\/h4><\/div><\/div><\/div><div class=\"tg-feature-product-widget element-item uxdesign tg-column-3 urun-gruplari \" data-category=\"urun-gruplari \"><figure><img loading=\"lazy\" decoding=\"async\" width=\"600\" height=\"600\" src=\"https:\/\/www.ertyapimarket.com\/wp-content\/uploads\/2025\/05\/bienseramik.jpg\" class=\"attachment-full size-full wp-post-image\" alt=\"\" srcset=\"https:\/\/www.ertyapimarket.com\/wp-content\/uploads\/2025\/05\/bienseramik.jpg 600w, https:\/\/www.ertyapimarket.com\/wp-content\/uploads\/2025\/05\/bienseramik-300x300.jpg 300w, https:\/\/www.ertyapimarket.com\/wp-content\/uploads\/2025\/05\/bienseramik-150x150.jpg 150w, https:\/\/www.ertyapimarket.com\/wp-content\/uploads\/2025\/05\/bienseramik-100x100.jpg 100w\" sizes=\"auto, (max-width: 600px) 100vw, 600px\" \/><\/figure><div class=\"featured-image-desc\"><span><a href=\"https:\/\/www.ertyapimarket.com\/index.php\/portfoy\/seramik-granit\/\"><i class=\"fa fa-plus\"><\/i><\/a><\/span><div class=\"feature-inner-block\"><h3 class=\"feature-title-wrap\"><a href=\"https:\/\/www.ertyapimarket.com\/index.php\/portfoy\/seramik-granit\/\">Seramik &#038; Granit<\/a><\/h3><h4 class=\"feature-desc-wrap\">Seramik &amp; Granit<\/h4><\/div><\/div><\/div><\/div><!-- \/.tg-column-wrapper--><\/div><!-- \/.grid --><\/div><!-- \/.tg-container --><\/div><!-- \/.layout div --><\/div><\/div><\/div><\/div>","protected":false},"excerpt":{"rendered":"","protected":false},"author":1,"featured_media":0,"parent":0,"menu_order":0,"comment_status":"closed","ping_status":"closed","template":"page-templates\/full-width.php","meta":{"footnotes":""},"class_list":["post-260","page","type-page","status-publish","hentry"],"_links":{"self":[{"href":"https:\/\/www.ertyapimarket.com\/index.php\/wp-json\/wp\/v2\/pages\/260","targetHints":{"allow":["GET"]}}],"collection":[{"href":"https:\/\/www.ertyapimarket.com\/index.php\/wp-json\/wp\/v2\/pages"}],"about":[{"href":"https:\/\/www.ertyapimarket.com\/index.php\/wp-json\/wp\/v2\/types\/page"}],"author":[{"embeddable":true,"href":"https:\/\/www.ertyapimarket.com\/index.php\/wp-json\/wp\/v2\/users\/1"}],"replies":[{"embeddable":true,"href":"https:\/\/www.ertyapimarket.com\/index.php\/wp-json\/wp\/v2\/comments?post=260"}],"version-history":[{"count":5,"href":"https:\/\/www.ertyapimarket.com\/index.php\/wp-json\/wp\/v2\/pages\/260\/revisions"}],"predecessor-version":[{"id":974,"href":"https:\/\/www.ertyapimarket.com\/index.php\/wp-json\/wp\/v2\/pages\/260\/revisions\/974"}],"wp:attachment":[{"href":"https:\/\/www.ertyapimarket.com\/index.php\/wp-json\/wp\/v2\/media?parent=260"}],"curies":[{"name":"wp","href":"https:\/\/api.w.org\/{rel}","templated":true}]}}