{"id":643,"date":"2017-01-02T08:28:52","date_gmt":"2017-01-02T08:28:52","guid":{"rendered":"https:\/\/demo.themegrill.com\/flash-default-2\/?page_id=5"},"modified":"2025-05-19T10:35:09","modified_gmt":"2025-05-19T10:35:09","slug":"home","status":"publish","type":"page","link":"https:\/\/www.ertyapimarket.com\/","title":{"rendered":"Home"},"content":{"rendered":"<div id=\"pl-643\"  class=\"panel-layout\" ><div id=\"pg-643-0\"  class=\"panel-grid panel-has-style\" ><div class=\"siteorigin-panels-stretch panel-row-style panel-row-style-for-643-0\" data-stretch-type=\"full-width-stretch\" ><div id=\"pgc-643-0-0\"  class=\"panel-grid-cell\" ><div id=\"panel-643-0-0-0\" class=\"so-panel widget widget_themegrill_flash_slider tg-section tg-slider-widget panel-first-child panel-last-child\" data-index=\"0\" ><div class=\"tg-slider-widget slider-light slider-content-center slider-control-center full-width\">\n\t<div class=\"swiper-container\">\n\t\t<div class=\"swiper-wrapper\">\n\t\t\t\n\t\t\t\t\t<div class=\"swiper-slide\">\n\t\t\t\t\t\t<figure class=\"slider-image\" >\n\t\t\t\t\t\t\t<img width=\"1904\" height=\"549\"\t\t\t\t\t\t\t\t\tsrc=\"http:\/\/www.ertyapimarket.com\/wp-content\/uploads\/2025\/05\/asl002-2-1.jpg\"\n\t\t\t\t\t\t\t\t\talt=\"\"\n\t\t\t\t\t\t\t\t\ttitle=\"\"\/>\n\t\t\t\t\t\t\t<div class=\"overlay\"><\/div>\n\t\t\t\t\t\t<\/figure>\n\t\t\t\t\t\t<div class=\"slider-content\">\n\t\t\t\t\t\t\t<div class=\"tg-container\">\n\t\t\t\t\t\t\t\t<div class=\"caption-title\"><\/div>\n\t\t\t\t\t\t\t\t<div class=\"caption-desc\"><\/div>\n\t\t\t\t\t\t\t\t\t\t\t\t\t\t\t<\/div>\n\t\t\t\t\t\t<\/div>\n\t\t\t\t\t<\/div>\n\n\t\t\t\t\n\t\t\t\t\t<div class=\"swiper-slide\">\n\t\t\t\t\t\t<figure class=\"slider-image\" >\n\t\t\t\t\t\t\t<img width=\"1904\" height=\"549\"\t\t\t\t\t\t\t\t\tsrc=\"http:\/\/www.ertyapimarket.com\/wp-content\/uploads\/2025\/05\/sancaktepe-1.jpg\"\n\t\t\t\t\t\t\t\t\talt=\"\"\n\t\t\t\t\t\t\t\t\ttitle=\"\"\/>\n\t\t\t\t\t\t\t<div class=\"overlay\"><\/div>\n\t\t\t\t\t\t<\/figure>\n\t\t\t\t\t\t<div class=\"slider-content\">\n\t\t\t\t\t\t\t<div class=\"tg-container\">\n\t\t\t\t\t\t\t\t<div class=\"caption-title\"><\/div>\n\t\t\t\t\t\t\t\t<div class=\"caption-desc\"><\/div>\n\t\t\t\t\t\t\t\t\t\t\t\t\t\t\t<\/div>\n\t\t\t\t\t\t<\/div>\n\t\t\t\t\t<\/div>\n\n\t\t\t\t\t\t<\/div>\n\t\t<div class=\"swiper-pagination\"><\/div>\n\t\t<div class=\"slider-arrow\">\n\t\t\t<div class=\"swiper-button-next\"><\/div>\n\t\t\t<div class=\"swiper-button-prev\"><\/div>\n\t\t<\/div>\n\t<\/div>\n<\/div>\n<\/div><\/div><\/div><\/div><div id=\"pg-643-1\"  class=\"panel-grid panel-has-style\" ><div class=\"siteorigin-panels-stretch panel-row-style panel-row-style-for-643-1\" data-stretch-type=\"full\" ><div id=\"pgc-643-1-0\"  class=\"panel-grid-cell\" ><div id=\"panel-643-1-0-0\" class=\"so-panel widget widget_themegrill_flash_heading tg-widget section-title-wrapper panel-first-child\" data-index=\"1\" >\t<h3 class=\"section-title\">\u00dcr\u00fcn Gruplar\u0131<\/h3>\n\t<div class=\"section-description\">Banyo, seramik, yap\u0131 malzemeleri ve dekorasyon alanlar\u0131nda ERT g\u00fcvencesiyle sunulan t\u00fcm \u00fcr\u00fcn gruplar\u0131n\u0131 ke\u015ffedin. Kaliteli markalar, zengin \u00e7e\u015fitlilik ve ihtiya\u00e7lar\u0131n\u0131za \u00f6zel \u00e7\u00f6z\u00fcmler burada!<\/div>\n<\/div><div id=\"panel-643-1-0-1\" class=\"so-panel widget widget_themegrill_flash_portfolio tg-section feature-product-section panel-last-child\" data-index=\"2\" ><div class=\"tg-feature-product-layout-1 tg-feature-product-filter-layout\"><div class=\"tg-container\"><div class=\"grid\"><div class=\"tg-column-wrapper\"><div class=\"tg-feature-product-widget element-item uxdesign tg-column-4 urun-gruplari \" data-category=\"urun-gruplari \"><figure><img loading=\"lazy\" decoding=\"async\" width=\"400\" height=\"400\" src=\"https:\/\/www.ertyapimarket.com\/wp-content\/uploads\/2025\/05\/celikkapi.jpg\" class=\"attachment-full size-full wp-post-image\" alt=\"\" srcset=\"https:\/\/www.ertyapimarket.com\/wp-content\/uploads\/2025\/05\/celikkapi.jpg 400w, https:\/\/www.ertyapimarket.com\/wp-content\/uploads\/2025\/05\/celikkapi-300x300.jpg 300w, https:\/\/www.ertyapimarket.com\/wp-content\/uploads\/2025\/05\/celikkapi-150x150.jpg 150w, https:\/\/www.ertyapimarket.com\/wp-content\/uploads\/2025\/05\/celikkapi-100x100.jpg 100w\" sizes=\"auto, (max-width: 400px) 100vw, 400px\" \/><\/figure><div class=\"featured-image-desc\"><span><a href=\"https:\/\/www.ertyapimarket.com\/index.php\/portfoy\/celik-kapi-ic-kapi\/\"><i class=\"fa fa-plus\"><\/i><\/a><\/span><div class=\"feature-inner-block\"><h3 class=\"feature-title-wrap\"><a href=\"https:\/\/www.ertyapimarket.com\/index.php\/portfoy\/celik-kapi-ic-kapi\/\">\u00c7elik Kap\u0131 &#038; \u0130\u00e7 Kap\u0131<\/a><\/h3><h4 class=\"feature-desc-wrap\">\u00c7elik Kap\u0131 &amp; \u0130\u00e7 Kap\u0131<\/h4><\/div><\/div><\/div><div class=\"tg-feature-product-widget element-item uxdesign tg-column-4 urun-gruplari \" data-category=\"urun-gruplari \"><figure><img loading=\"lazy\" decoding=\"async\" width=\"400\" height=\"400\" src=\"https:\/\/www.ertyapimarket.com\/wp-content\/uploads\/2025\/05\/banyodolabi.jpg\" class=\"attachment-full size-full wp-post-image\" alt=\"\" srcset=\"https:\/\/www.ertyapimarket.com\/wp-content\/uploads\/2025\/05\/banyodolabi.jpg 400w, https:\/\/www.ertyapimarket.com\/wp-content\/uploads\/2025\/05\/banyodolabi-300x300.jpg 300w, https:\/\/www.ertyapimarket.com\/wp-content\/uploads\/2025\/05\/banyodolabi-150x150.jpg 150w, https:\/\/www.ertyapimarket.com\/wp-content\/uploads\/2025\/05\/banyodolabi-100x100.jpg 100w\" sizes=\"auto, (max-width: 400px) 100vw, 400px\" \/><\/figure><div class=\"featured-image-desc\"><span><a href=\"https:\/\/www.ertyapimarket.com\/index.php\/portfoy\/vitrifiye-banyo-dolabi\/\"><i class=\"fa fa-plus\"><\/i><\/a><\/span><div class=\"feature-inner-block\"><h3 class=\"feature-title-wrap\"><a href=\"https:\/\/www.ertyapimarket.com\/index.php\/portfoy\/vitrifiye-banyo-dolabi\/\">Vitrifiye &#038; Banyo Dolab\u0131<\/a><\/h3><h4 class=\"feature-desc-wrap\">Vitrifiye &amp; Banyo Dolab\u0131<\/h4><\/div><\/div><\/div><div class=\"tg-feature-product-widget element-item uxdesign tg-column-4 urun-gruplari \" data-category=\"urun-gruplari \"><figure><img loading=\"lazy\" decoding=\"async\" width=\"400\" height=\"400\" src=\"https:\/\/www.ertyapimarket.com\/wp-content\/uploads\/2025\/05\/mutfakgrubu.jpg\" class=\"attachment-full size-full wp-post-image\" alt=\"\" srcset=\"https:\/\/www.ertyapimarket.com\/wp-content\/uploads\/2025\/05\/mutfakgrubu.jpg 400w, https:\/\/www.ertyapimarket.com\/wp-content\/uploads\/2025\/05\/mutfakgrubu-300x300.jpg 300w, https:\/\/www.ertyapimarket.com\/wp-content\/uploads\/2025\/05\/mutfakgrubu-150x150.jpg 150w, https:\/\/www.ertyapimarket.com\/wp-content\/uploads\/2025\/05\/mutfakgrubu-100x100.jpg 100w\" sizes=\"auto, (max-width: 400px) 100vw, 400px\" \/><\/figure><div class=\"featured-image-desc\"><span><a href=\"https:\/\/www.ertyapimarket.com\/index.php\/portfoy\/mutfak-dolabi-ankastre\/\"><i class=\"fa fa-plus\"><\/i><\/a><\/span><div class=\"feature-inner-block\"><h3 class=\"feature-title-wrap\"><a href=\"https:\/\/www.ertyapimarket.com\/index.php\/portfoy\/mutfak-dolabi-ankastre\/\">Mutfak Dolab\u0131 &#038; Ankastre<\/a><\/h3><h4 class=\"feature-desc-wrap\">Mutfak Dolab\u0131 &amp; Ankastre<\/h4><\/div><\/div><\/div><div class=\"tg-feature-product-widget element-item uxdesign tg-column-4 urun-gruplari \" data-category=\"urun-gruplari \"><figure><img loading=\"lazy\" decoding=\"async\" width=\"400\" height=\"400\" src=\"https:\/\/www.ertyapimarket.com\/wp-content\/uploads\/2025\/05\/jakjak.jpg\" class=\"attachment-full size-full wp-post-image\" alt=\"\" srcset=\"https:\/\/www.ertyapimarket.com\/wp-content\/uploads\/2025\/05\/jakjak.jpg 400w, https:\/\/www.ertyapimarket.com\/wp-content\/uploads\/2025\/05\/jakjak-300x300.jpg 300w, https:\/\/www.ertyapimarket.com\/wp-content\/uploads\/2025\/05\/jakjak-150x150.jpg 150w, https:\/\/www.ertyapimarket.com\/wp-content\/uploads\/2025\/05\/jakjak-100x100.jpg 100w\" sizes=\"auto, (max-width: 400px) 100vw, 400px\" \/><\/figure><div class=\"featured-image-desc\"><span><a href=\"https:\/\/www.ertyapimarket.com\/index.php\/portfoy\/jakuzi-kabin\/\"><i class=\"fa fa-plus\"><\/i><\/a><\/span><div class=\"feature-inner-block\"><h3 class=\"feature-title-wrap\"><a href=\"https:\/\/www.ertyapimarket.com\/index.php\/portfoy\/jakuzi-kabin\/\">Jakuzi &#038; Kabin<\/a><\/h3><h4 class=\"feature-desc-wrap\">Jakuzi &amp; Kabin<\/h4><\/div><\/div><\/div><div class=\"tg-feature-product-widget element-item uxdesign tg-column-4 urun-gruplari \" data-category=\"urun-gruplari \"><figure><img loading=\"lazy\" decoding=\"async\" width=\"800\" height=\"800\" src=\"https:\/\/www.ertyapimarket.com\/wp-content\/uploads\/2025\/05\/yapikimyasallari.jpg\" class=\"attachment-full size-full wp-post-image\" alt=\"\" srcset=\"https:\/\/www.ertyapimarket.com\/wp-content\/uploads\/2025\/05\/yapikimyasallari.jpg 800w, https:\/\/www.ertyapimarket.com\/wp-content\/uploads\/2025\/05\/yapikimyasallari-300x300.jpg 300w, https:\/\/www.ertyapimarket.com\/wp-content\/uploads\/2025\/05\/yapikimyasallari-150x150.jpg 150w, https:\/\/www.ertyapimarket.com\/wp-content\/uploads\/2025\/05\/yapikimyasallari-768x768.jpg 768w, https:\/\/www.ertyapimarket.com\/wp-content\/uploads\/2025\/05\/yapikimyasallari-600x600.jpg 600w, https:\/\/www.ertyapimarket.com\/wp-content\/uploads\/2025\/05\/yapikimyasallari-100x100.jpg 100w\" sizes=\"auto, (max-width: 800px) 100vw, 800px\" \/><\/figure><div class=\"featured-image-desc\"><span><a href=\"https:\/\/www.ertyapimarket.com\/index.php\/portfoy\/yapi-kimyasallari\/\"><i class=\"fa fa-plus\"><\/i><\/a><\/span><div class=\"feature-inner-block\"><h3 class=\"feature-title-wrap\"><a href=\"https:\/\/www.ertyapimarket.com\/index.php\/portfoy\/yapi-kimyasallari\/\">Yap\u0131 Kimyasallar\u0131<\/a><\/h3><h4 class=\"feature-desc-wrap\">Yap\u0131 Kimyasallar\u0131<\/h4><\/div><\/div><\/div><div class=\"tg-feature-product-widget element-item uxdesign tg-column-4 urun-gruplari \" data-category=\"urun-gruplari \"><figure><img loading=\"lazy\" decoding=\"async\" width=\"875\" height=\"875\" src=\"https:\/\/www.ertyapimarket.com\/wp-content\/uploads\/2025\/05\/laminant.jpg\" class=\"attachment-full size-full wp-post-image\" alt=\"\" srcset=\"https:\/\/www.ertyapimarket.com\/wp-content\/uploads\/2025\/05\/laminant.jpg 875w, https:\/\/www.ertyapimarket.com\/wp-content\/uploads\/2025\/05\/laminant-300x300.jpg 300w, https:\/\/www.ertyapimarket.com\/wp-content\/uploads\/2025\/05\/laminant-150x150.jpg 150w, https:\/\/www.ertyapimarket.com\/wp-content\/uploads\/2025\/05\/laminant-768x768.jpg 768w, https:\/\/www.ertyapimarket.com\/wp-content\/uploads\/2025\/05\/laminant-600x600.jpg 600w, https:\/\/www.ertyapimarket.com\/wp-content\/uploads\/2025\/05\/laminant-100x100.jpg 100w\" sizes=\"auto, (max-width: 875px) 100vw, 875px\" \/><\/figure><div class=\"featured-image-desc\"><span><a href=\"https:\/\/www.ertyapimarket.com\/index.php\/portfoy\/laminant-pvc-boru\/\"><i class=\"fa fa-plus\"><\/i><\/a><\/span><div class=\"feature-inner-block\"><h3 class=\"feature-title-wrap\"><a href=\"https:\/\/www.ertyapimarket.com\/index.php\/portfoy\/laminant-pvc-boru\/\">Laminant &#038; PVC Boru<\/a><\/h3><h4 class=\"feature-desc-wrap\">Laminant &amp; PVC Boru<\/h4><\/div><\/div><\/div><div class=\"tg-feature-product-widget element-item uxdesign tg-column-4 urun-gruplari \" data-category=\"urun-gruplari \"><figure><img loading=\"lazy\" decoding=\"async\" width=\"1000\" height=\"1000\" src=\"https:\/\/www.ertyapimarket.com\/wp-content\/uploads\/2025\/05\/armatur.jpg\" class=\"attachment-full size-full wp-post-image\" alt=\"\" srcset=\"https:\/\/www.ertyapimarket.com\/wp-content\/uploads\/2025\/05\/armatur.jpg 1000w, https:\/\/www.ertyapimarket.com\/wp-content\/uploads\/2025\/05\/armatur-300x300.jpg 300w, https:\/\/www.ertyapimarket.com\/wp-content\/uploads\/2025\/05\/armatur-150x150.jpg 150w, https:\/\/www.ertyapimarket.com\/wp-content\/uploads\/2025\/05\/armatur-768x768.jpg 768w, https:\/\/www.ertyapimarket.com\/wp-content\/uploads\/2025\/05\/armatur-600x600.jpg 600w, https:\/\/www.ertyapimarket.com\/wp-content\/uploads\/2025\/05\/armatur-100x100.jpg 100w\" sizes=\"auto, (max-width: 1000px) 100vw, 1000px\" \/><\/figure><div class=\"featured-image-desc\"><span><a href=\"https:\/\/www.ertyapimarket.com\/index.php\/portfoy\/armatur-aksesuar\/\"><i class=\"fa fa-plus\"><\/i><\/a><\/span><div class=\"feature-inner-block\"><h3 class=\"feature-title-wrap\"><a href=\"https:\/\/www.ertyapimarket.com\/index.php\/portfoy\/armatur-aksesuar\/\">Armat\u00fcr &#038; Aksesuar<\/a><\/h3><h4 class=\"feature-desc-wrap\">Armat\u00fcr &amp; Aksesuar<\/h4><\/div><\/div><\/div><div class=\"tg-feature-product-widget element-item uxdesign tg-column-4 urun-gruplari \" data-category=\"urun-gruplari \"><figure><img loading=\"lazy\" decoding=\"async\" width=\"600\" height=\"600\" src=\"https:\/\/www.ertyapimarket.com\/wp-content\/uploads\/2025\/05\/bienseramik.jpg\" class=\"attachment-full size-full wp-post-image\" alt=\"\" srcset=\"https:\/\/www.ertyapimarket.com\/wp-content\/uploads\/2025\/05\/bienseramik.jpg 600w, https:\/\/www.ertyapimarket.com\/wp-content\/uploads\/2025\/05\/bienseramik-300x300.jpg 300w, https:\/\/www.ertyapimarket.com\/wp-content\/uploads\/2025\/05\/bienseramik-150x150.jpg 150w, https:\/\/www.ertyapimarket.com\/wp-content\/uploads\/2025\/05\/bienseramik-100x100.jpg 100w\" sizes=\"auto, (max-width: 600px) 100vw, 600px\" \/><\/figure><div class=\"featured-image-desc\"><span><a href=\"https:\/\/www.ertyapimarket.com\/index.php\/portfoy\/seramik-granit\/\"><i class=\"fa fa-plus\"><\/i><\/a><\/span><div class=\"feature-inner-block\"><h3 class=\"feature-title-wrap\"><a href=\"https:\/\/www.ertyapimarket.com\/index.php\/portfoy\/seramik-granit\/\">Seramik &#038; Granit<\/a><\/h3><h4 class=\"feature-desc-wrap\">Seramik &amp; Granit<\/h4><\/div><\/div><\/div><\/div><!-- \/.tg-column-wrapper--><\/div><!-- \/.grid --><\/div><!-- \/.tg-container --><\/div><!-- \/.layout div --><\/div><\/div><\/div><\/div><div id=\"pg-643-2\"  class=\"panel-grid panel-has-style\" ><div class=\"siteorigin-panels-stretch panel-row-style panel-row-style-for-643-2\" data-stretch-type=\"full\" ><div id=\"pgc-643-2-0\"  class=\"panel-grid-cell\" ><div id=\"panel-643-2-0-0\" class=\"so-panel widget widget_themegrill_flash_counter tg-widget tg-single-counter panel-first-child panel-last-child\" data-index=\"3\" ><div class=\"fun-facts-section\">\n\t<div class=\"tg-fun-facts-widget tg-fun-facts-layout-1\">\n\t\t<div class=\"fun-facts-wrapper\">\n\t\t\t\t\t\t<span class=\"fun-facts-icon-wrap\"><i class=\"fa fa-cog\"><\/i><\/span>\n\t\t\t\t\t\t\t\t\t<span class=\"counter-wrapper\"><span class=\"counter\">1000<\/span><i class=\"fa fa-plus\"><\/i><\/span>\n\t\t\t\t\t\t\t\t\t<h3 class=\"fun-facts-title-wrap\">Depo Alan\u0131 M2<\/h3>\n\t\t\t\t\t<\/div>\n\t<\/div>\n<\/div>\n<\/div><\/div><div id=\"pgc-643-2-1\"  class=\"panel-grid-cell\" ><div id=\"panel-643-2-1-0\" class=\"so-panel widget widget_themegrill_flash_counter tg-widget tg-single-counter panel-first-child panel-last-child\" data-index=\"4\" ><div class=\"fun-facts-section\">\n\t<div class=\"tg-fun-facts-widget tg-fun-facts-layout-1\">\n\t\t<div class=\"fun-facts-wrapper\">\n\t\t\t\t\t\t<span class=\"fun-facts-icon-wrap\"><i class=\"fa fa-ship\"><\/i><\/span>\n\t\t\t\t\t\t\t\t\t<span class=\"counter-wrapper\"><span class=\"counter\">3800<\/span><i class=\"fa fa-plus\"><\/i><\/span>\n\t\t\t\t\t\t\t\t\t<h3 class=\"fun-facts-title-wrap\">Ayl\u0131k \u00dcr\u00fcn Da\u011f\u0131t\u0131m\u0131<\/h3>\n\t\t\t\t\t<\/div>\n\t<\/div>\n<\/div>\n<\/div><\/div><div id=\"pgc-643-2-2\"  class=\"panel-grid-cell\" ><div id=\"panel-643-2-2-0\" class=\"so-panel widget widget_themegrill_flash_counter tg-widget tg-single-counter panel-first-child panel-last-child\" data-index=\"5\" ><div class=\"fun-facts-section\">\n\t<div class=\"tg-fun-facts-widget tg-fun-facts-layout-1\">\n\t\t<div class=\"fun-facts-wrapper\">\n\t\t\t\t\t\t<span class=\"fun-facts-icon-wrap\"><i class=\"fa fa-tachometer\"><\/i><\/span>\n\t\t\t\t\t\t\t\t\t<span class=\"counter-wrapper\"><span class=\"counter\">5500<\/span><i class=\"fa fa-plus\"><\/i><\/span>\n\t\t\t\t\t\t\t\t\t<h3 class=\"fun-facts-title-wrap\">\u00dcr\u00fcn \u00c7e\u015fidi<\/h3>\n\t\t\t\t\t<\/div>\n\t<\/div>\n<\/div>\n<\/div><\/div><div id=\"pgc-643-2-3\"  class=\"panel-grid-cell\" ><div id=\"panel-643-2-3-0\" class=\"so-panel widget widget_themegrill_flash_counter tg-widget tg-single-counter panel-first-child panel-last-child\" data-index=\"6\" ><div class=\"fun-facts-section\">\n\t<div class=\"tg-fun-facts-widget tg-fun-facts-layout-1\">\n\t\t<div class=\"fun-facts-wrapper\">\n\t\t\t\t\t\t<span class=\"fun-facts-icon-wrap\"><i class=\"fa fa-globe\"><\/i><\/span>\n\t\t\t\t\t\t\t\t\t<span class=\"counter-wrapper\"><span class=\"counter\">110<\/span><i class=\"fa fa-plus\"><\/i><\/span>\n\t\t\t\t\t\t\t\t\t<h3 class=\"fun-facts-title-wrap\">Tedarik\u00e7i<\/h3>\n\t\t\t\t\t<\/div>\n\t<\/div>\n<\/div>\n<\/div><\/div><\/div><\/div><div id=\"pg-643-3\"  class=\"panel-grid panel-has-style\" ><div class=\"panel-row-style panel-row-style-for-643-3\" ><div id=\"pgc-643-3-0\"  class=\"panel-grid-cell\" ><div id=\"panel-643-3-0-0\" class=\"so-panel widget widget_themegrill_flash_heading tg-widget section-title-wrapper panel-first-child\" data-index=\"7\" >\t<h3 class=\"section-title\">ERT | Yenilikler<\/h3>\n\t<div class=\"section-description\">ERT Yap\u0131 Market ve Seramik D\u00fcnyas\u0131&#039;ndan en g\u00fcncel haberleri, sekt\u00f6r geli\u015fmelerini, yeni \u00fcr\u00fcn duyurular\u0131n\u0131 ve kampanya bilgilerini buradan takip edebilirsiniz.<\/div>\n<\/div><div id=\"panel-643-3-0-1\" class=\"so-panel widget widget_themegrill_flash_blog tg-widget blog-section panel-last-child\" data-index=\"8\" >\n<div class=\"blog-wrapper tg-column-wrapper tg-blog-widget-layout-2\">\n\t\t<div class=\"tg-blog-widget tg-column-3\">\n\t\t\t\t<div class=\"post-image \">\n\t\t\t<figure><a href=\"https:\/\/www.ertyapimarket.com\/index.php\/2025\/05\/08\/yeni-yuzumuzle-hizmetinizdeyiz\/\" title=\"Yeni Y\u00fcz\u00fcm\u00fczle Hizmetinizdeyiz!\"><img loading=\"lazy\" decoding=\"async\" width=\"370\" height=\"270\" src=\"https:\/\/www.ertyapimarket.com\/wp-content\/uploads\/2025\/05\/depo-370x270.jpg\" class=\"attachment-flash-grid size-flash-grid wp-post-image\" alt=\"\" \/><\/a><\/figure>\t\t\t<span class=\"entry-date\">\n\t\t\t\t<i class=\"fa fa-clock-o\"><\/i><a href=\"https:\/\/www.ertyapimarket.com\/index.php\/2025\/05\/08\/yeni-yuzumuzle-hizmetinizdeyiz\/\" rel=\"bookmark\">May\u0131s 8, 2025<\/a>\n\t\t\t<\/span>\n\t\t\t\t\t<\/div>\n\t\t<div class=\"blog-content\">\n\t\t\t<h3 class=\"entry-title\"><a href=\"https:\/\/www.ertyapimarket.com\/index.php\/2025\/05\/08\/yeni-yuzumuzle-hizmetinizdeyiz\/\">Yeni Y\u00fcz\u00fcm\u00fczle Hizmetinizdeyiz!<\/a><\/h3>\n\t\t\t\t\t\t<div class=\"entry-summary\">\n\t\t\t\t<p>M\u00fc\u015fteri memnuniyetini ve kullan\u0131c\u0131 deneyimini \u00f6n planda tutarak web sitemizi yeniledik. ERT Yap\u0131 Market ve Seramik D\u00fcnyas\u0131 olarak, \u00fcr\u00fcnlerimizi daha [&hellip;]<\/p>\n\t\t\t<\/div>\n\t\t\t\t\t\t<div class=\"read-more-container\">\n\t\t\t\t<span class=\"entry-author\">\n\t\t\t\t\t<i class=\"fa fa-user\"><\/i><a class=\"url fn n\" href=\"https:\/\/www.ertyapimarket.com\/index.php\/author\/admin\/\">admin<\/a>\n\t\t\t\t<\/span>\n\t\t\t\t<div class=\"read-more\">\n\t\t\t\t\t<a href=\"https:\/\/www.ertyapimarket.com\/index.php\/2025\/05\/08\/yeni-yuzumuzle-hizmetinizdeyiz\/\">Read More<\/a>\n\t\t\t\t<\/div>\n\t\t\t<\/div>\n\t\t\t\t\t<\/div>\n\t<\/div>\n\t<\/div><!-- .blog-wrapper -->\n<\/div><\/div><\/div><\/div><div id=\"pg-643-4\"  class=\"panel-grid panel-has-style\" ><div class=\"panel-row-style panel-row-style-for-643-4\" ><div id=\"pgc-643-4-0\"  class=\"panel-grid-cell\" ><div id=\"panel-643-4-0-0\" class=\"so-panel widget widget_themegrill_flash_heading tg-widget section-title-wrapper panel-first-child\" data-index=\"9\" >\t<h3 class=\"section-title\">Markalar\u0131m\u0131z<\/h3>\n<\/div><div id=\"panel-643-4-0-1\" class=\"so-panel widget widget_themegrill_flash_logo tg-section client-section\" data-index=\"10\" ><div class=\"tg-client-widget\">\n\t<div class=\"client-container swiper-container\">\n\t\t<div class=\"client-wrapper swiper-wrapper\">\n\t\t\t\t\t<div class=\"client-slide swiper-slide\">\n\t\t\t\t<img decoding=\"async\" src=\"http:\/\/www.ertyapimarket.com\/wp-content\/uploads\/2025\/05\/54dd2e2fdd421.jpg\" alt=\"Logo 1\" \/>\n\t\t\t<\/div>\n\t\t\t\t\t\t<div class=\"client-slide swiper-slide\">\n\t\t\t\t<img decoding=\"async\" src=\"http:\/\/www.ertyapimarket.com\/wp-content\/uploads\/2025\/05\/54dd2e65c9db1.jpg\" alt=\"Logo 2\" \/>\n\t\t\t<\/div>\n\t\t\t\t\t\t<div class=\"client-slide swiper-slide\">\n\t\t\t\t<img decoding=\"async\" src=\"http:\/\/www.ertyapimarket.com\/wp-content\/uploads\/2025\/05\/54dd2e7aa6cc4.jpg\" alt=\"Logo 3\" \/>\n\t\t\t<\/div>\n\t\t\t\t\t\t<div class=\"client-slide swiper-slide\">\n\t\t\t\t<img decoding=\"async\" src=\"http:\/\/www.ertyapimarket.com\/wp-content\/uploads\/2025\/05\/54dd2e884688b.jpg\" alt=\"Logo 4\" \/>\n\t\t\t<\/div>\n\t\t\t\t\t\t<div class=\"client-slide swiper-slide\">\n\t\t\t\t<img decoding=\"async\" src=\"http:\/\/www.ertyapimarket.com\/wp-content\/uploads\/2025\/05\/54dd2e958fc48.jpg\" alt=\"Logo 5\" \/>\n\t\t\t<\/div>\n\t\t\t\t\t<\/div>\n\t<\/div>\n<\/div>\n<\/div><div id=\"panel-643-4-0-2\" class=\"widget_text so-panel widget widget_custom_html panel-last-child\" data-index=\"11\" ><div class=\"textwidget custom-html-widget\"><\/div><\/div><\/div><\/div><\/div><\/div>","protected":false},"excerpt":{"rendered":"","protected":false},"author":1,"featured_media":0,"parent":0,"menu_order":0,"comment_status":"closed","ping_status":"closed","template":"page-templates\/pagebuilder.php","meta":{"footnotes":""},"class_list":["post-643","page","type-page","status-publish","hentry"],"_links":{"self":[{"href":"https:\/\/www.ertyapimarket.com\/index.php\/wp-json\/wp\/v2\/pages\/643","targetHints":{"allow":["GET"]}}],"collection":[{"href":"https:\/\/www.ertyapimarket.com\/index.php\/wp-json\/wp\/v2\/pages"}],"about":[{"href":"https:\/\/www.ertyapimarket.com\/index.php\/wp-json\/wp\/v2\/types\/page"}],"author":[{"embeddable":true,"href":"https:\/\/www.ertyapimarket.com\/index.php\/wp-json\/wp\/v2\/users\/1"}],"replies":[{"embeddable":true,"href":"https:\/\/www.ertyapimarket.com\/index.php\/wp-json\/wp\/v2\/comments?post=643"}],"version-history":[{"count":34,"href":"https:\/\/www.ertyapimarket.com\/index.php\/wp-json\/wp\/v2\/pages\/643\/revisions"}],"predecessor-version":[{"id":982,"href":"https:\/\/www.ertyapimarket.com\/index.php\/wp-json\/wp\/v2\/pages\/643\/revisions\/982"}],"wp:attachment":[{"href":"https:\/\/www.ertyapimarket.com\/index.php\/wp-json\/wp\/v2\/media?parent=643"}],"curies":[{"name":"wp","href":"https:\/\/api.w.org\/{rel}","templated":true}]}}